{"id":56,"date":"2019-09-21T10:50:18","date_gmt":"2019-09-21T08:50:18","guid":{"rendered":"http:\/\/ecactriathlon.fr\/?page_id=56"},"modified":"2025-11-06T20:17:17","modified_gmt":"2025-11-06T19:17:17","slug":"accueil","status":"publish","type":"page","link":"https:\/\/ecactriathlon.fr\/","title":{"rendered":"Accueil"},"content":{"rendered":"\n<div class=\"wp-block-image is-style-rounded\"><figure class=\"aligncenter size-full is-resized\"><img loading=\"lazy\" src=\"https:\/\/ecactriathlon.fr\/wp-content\/uploads\/2025\/09\/Logo_ECAC_site-1.png\" alt=\"\" class=\"wp-image-1265\" width=\"375\" height=\"225\" srcset=\"https:\/\/ecactriathlon.fr\/wp-content\/uploads\/2025\/09\/Logo_ECAC_site-1.png 500w, https:\/\/ecactriathlon.fr\/wp-content\/uploads\/2025\/09\/Logo_ECAC_site-1-300x180.png 300w, https:\/\/ecactriathlon.fr\/wp-content\/uploads\/2025\/09\/Logo_ECAC_site-1-240x145.png 240w\" sizes=\"(max-width: 375px) 100vw, 375px\" \/><\/figure><\/div>\n\n\n\n<hr class=\"wp-block-separator\"\/>\n\n\n\n<div class=\"wp-block-buttons is-content-justification-center\">\n<div class=\"wp-block-button has-custom-width wp-block-button__width-100 has-custom-font-size is-style-outline\" style=\"font-size:30px\"><a class=\"wp-block-button__link has-luminous-vivid-amber-to-luminous-vivid-orange-gradient-background has-background\" href=\"https:\/\/ecactriathlon.fr\/index.php\/trail-de-la-galette-2026\/\"><strong>TRAIL DE LA GALETTE \/ 11 JANVIER 2026<\/strong><\/a><\/div>\n<\/div>\n\n\n\n<hr class=\"wp-block-separator\"\/>\n\n\n\n<div class=\"wp-block-buttons is-content-justification-center\">\n<div class=\"wp-block-button has-custom-width wp-block-button__width-75 has-custom-font-size is-style-outline\" style=\"font-size:25px\"><a class=\"wp-block-button__link has-luminous-vivid-amber-to-luminous-vivid-orange-gradient-background has-background\" href=\"https:\/\/haut-marn-triathlon.fr\/\" style=\"border-radius:40px\"><strong>HAUT&rsquo;MArN Triathlon, \u00e9dition 2026 !<\/strong><\/a><\/div>\n<\/div>\n\n\n\n<hr class=\"wp-block-separator\"\/>\n\n\n\n<div class=\"wp-block-cover aligncenter has-white-background-color has-background-dim\" style=\"min-height:235px\"><div class=\"wp-block-cover__inner-container\">\n<h2 class=\"has-text-align-center\"><span class=\"has-inline-color has-black-color\"><strong>De 7 \u00e0 77 ans, du d\u00e9butant au confirm\u00e9, du loisir \u00e0 la comp\u00e9tition<\/strong> !<br><strong>La pratique du triathlon adapt\u00e9e \u00e0 tous.<\/strong> <\/span><\/h2>\n\n\n\n<p class=\"has-text-align-center\" style=\"font-size:18px\"><span class=\"has-inline-color has-black-color\">Situ\u00e9 \u00e0 Chaumont en Haute Marne, l&rsquo;ECAC est affili\u00e9 \u00e0 la F\u00e9d\u00e9ration Fran\u00e7aise de Triathlon et fait partie de la Ligue Grand Est.<br> Le club propose \u00e0 chacun, \u00e0 partir de 7 ans, l&rsquo;initiation et le perfectionnement de la natation, du cyclisme, et de la course \u00e0 pied dans un but aussi bien convivial que comp\u00e9titif, en fonction de ses objectifs <\/span><\/p>\n\n\n\n<p class=\"has-text-align-center\" style=\"font-size:40px\"> <\/p>\n<\/div><\/div>\n\n\n\n<div class=\"wp-block-columns has-2-columns\">\n<div class=\"wp-block-column\"><\/div>\n<\/div>\n","protected":false},"excerpt":{"rendered":"","protected":false},"author":1,"featured_media":0,"parent":0,"menu_order":0,"comment_status":"closed","ping_status":"closed","template":"","meta":[],"_links":{"self":[{"href":"https:\/\/ecactriathlon.fr\/index.php\/wp-json\/wp\/v2\/pages\/56"}],"collection":[{"href":"https:\/\/ecactriathlon.fr\/index.php\/wp-json\/wp\/v2\/pages"}],"about":[{"href":"https:\/\/ecactriathlon.fr\/index.php\/wp-json\/wp\/v2\/types\/page"}],"author":[{"embeddable":true,"href":"https:\/\/ecactriathlon.fr\/index.php\/wp-json\/wp\/v2\/users\/1"}],"replies":[{"embeddable":true,"href":"https:\/\/ecactriathlon.fr\/index.php\/wp-json\/wp\/v2\/comments?post=56"}],"version-history":[{"count":112,"href":"https:\/\/ecactriathlon.fr\/index.php\/wp-json\/wp\/v2\/pages\/56\/revisions"}],"predecessor-version":[{"id":1393,"href":"https:\/\/ecactriathlon.fr\/index.php\/wp-json\/wp\/v2\/pages\/56\/revisions\/1393"}],"wp:attachment":[{"href":"https:\/\/ecactriathlon.fr\/index.php\/wp-json\/wp\/v2\/media?parent=56"}],"curies":[{"name":"wp","href":"https:\/\/api.w.org\/{rel}","templated":true}]}}