{"id":409,"date":"2019-11-02T19:21:17","date_gmt":"2019-11-02T18:21:17","guid":{"rendered":"http:\/\/ecactriathlon.fr\/?page_id=409"},"modified":"2025-11-06T18:57:30","modified_gmt":"2025-11-06T17:57:30","slug":"se-licencier","status":"publish","type":"page","link":"https:\/\/ecactriathlon.fr\/index.php\/la-vie-du-club\/se-licencier\/","title":{"rendered":"Se licencier"},"content":{"rendered":"\n<p class=\"has-text-align-left has-medium-font-size\"><strong>COTISATIONS<\/strong><\/p>\n\n\n\n<p><strong>JEUNES (de 6ans \u00e0 juniors)<\/strong> :   <strong>172\u20ac<\/strong> <\/p>\n\n\n\n<p><strong>ADULTES LOISIRS:    172\u20ac<\/strong><\/p>\n\n\n\n<p><strong>ADULTES COMPETITIONS :    245\u20ac<\/strong><\/p>\n\n\n\n<p><strong><em>Lors de votre demande , vous devrez choisir une formule pour votre assurance. Le montant des licences indiqu\u00e9s ci dessus comprend la formule 1. Si vous choisissez une autre formule, merci de\u00a0verser le compl\u00e9ment :\u00a0<br>Formule 2 : + 0.65\u20ac\u00a0 \u00a0 \u00a0,\u00a0 Formule 3 : + 185,37\u20ac<br>Exemple : licence jeune formule 1 : 172 \u20ac\u00a0 \u00a0 licence jeune formule 2 :\u00a0172,65\u20ac<\/em><\/strong><\/p>\n\n\n\n<p><strong><em><br><\/em> R\u00e9duction de 25\u20ac par licence jeune pour les fr\u00e8res et soeurs (de cat\u00e9gorie jeune), ou si les deux parents sont licenci\u00e9s. <\/strong><\/p>\n\n\n\n<p><strong><em>E<\/em><\/strong><em style=\"font-weight: bold;\">xemple :&nbsp; 2 enfants en formule 1 :&nbsp; 172&#215;2 -25&#215;2 soit 294\u20ac<\/em> <strong><em><br><br>Le club accepte les bons CAF Pass sport&nbsp; et les ch\u00e8ques sport donn\u00e9s par la ville de Chaumont aux enfants chaumontais.<br>Le club n&rsquo;accepte plus les ch\u00e8ques vacances.<\/em><\/strong><br><strong><em>Vous avez possibilit\u00e9 de r\u00e9gler par virement bancaire en pr\u00e9cisant bien l&rsquo;intitul\u00e9.<\/em><\/strong><\/p>\n\n\n\n<p><strong>DEMARCHE A SUIVRE POUR SE LICENCIER<\/strong><\/p>\n\n\n\n<p>La FFTRI vous propose de prendre votre 1<sup>\u00e8re<\/sup>&nbsp;licence ou de renouveler celle-ci sur la plateforme online, l\u2019Espace Tri 2.0, accessible via&nbsp;<strong><a href=\"http:\/\/espacetri.fftri.com\/\">http:\/\/espacetri.fftri.com\/<\/a>.<\/strong><\/p>\n\n\n\n<p>Les licences couvrent l\u2019ann\u00e9e civile (du 1er janvier au 31 d\u00e9cembre).<br>Les Nouvelles licences peuvent \u00eatre prises d\u00e8s septembre (licences longues) et couvriront donc 2024 et 2025.<\/p>\n\n\n\n<p>ATTENTION : Une p\u00e9nalit\u00e9 de 20\u20ac est appliqu\u00e9e par la ligue en cas de renouvellement tardif (apr\u00e8s le 31 d\u00e9cembre).<\/p>\n\n\n\n<p><strong>PROC\u00c9DURE :&nbsp;<\/strong><br>1) Se rendre sur le site de la F\u00e9d\u00e9ration Fran\u00e7aise de Triathlon, rubrique se licencier :&nbsp;<a href=\"http:\/\/espacetri.fftri.com\/\">http:\/\/espacetri.fftri.com\/<\/a><br>2) Remplir le formulaire en ligne<br>3) Choisir la&nbsp;<strong>Ligue Grand Est<\/strong><br>4) Club :&nbsp;<strong>ECAC triathlon duathlon<\/strong><\/p>\n\n\n\n<p>5) Concernant la formule assurance \u00e0 choisir (options 1,2 ou 3) <strong>seul l&rsquo;optio<\/strong>n<strong> 1 est inclus dans le tarif de la licence<\/strong>. Si vous choisissez l&rsquo;option 2 ou 3 vous devrez r\u00e9gler en sus du prix de la licence le montant correspondant \u00e0 l&rsquo;option.<br>6)  Remplir le questionnaire sant\u00e9 puis Imprimer le formulaire<br>7) Ramener le formulaire rempli et sign\u00e9  +&nbsp;<strong>ch\u00e8que \u00e0 l\u2019ordre de ECAC Triathlon Duathlon avant le 15 novembre 2024 \u00e0 Sabine Leucart ou C\u00e9cile GALLET  (tr\u00e9sori\u00e8res) ou  Guillaume MARIOT (jeunes) ou Nicolas HAUPTMANN (adultes)<\/strong><br>8) Attendre que la ligue valide votre licence \u00e0 la f\u00e9d\u00e9ration<br>9) Votre&nbsp;<strong>licence sera t\u00e9l\u00e9chargeable dans votre espace sur le site f\u00e9d\u00e9ral<\/strong>&nbsp;(vous recevrez un mail).<\/p>\n\n\n\n<p>Pour toute question, n\u2019h\u00e9sitez pas \u00e0 nous contacter.<\/p>\n\n\n\n<h2><strong>\u00c9cole de Triathlon 2*<\/strong><\/h2>\n\n\n\n<h2><strong>Cat\u00e9gorie d\u2019\u00e2ge \u2013 Saison 202<\/strong>6<\/h2>\n\n\n\n<p>(R\u00e9f\u00e9rence : \u00e2ge de l\u2019athl\u00e8te au 31 d\u00e9cembre de la fin de saison)<\/p>\n\n\n\n<figure class=\"wp-block-table\"><table><tbody><tr><td>Cat\u00e9gorie<\/td><td>Age au 31\/12\/2025<\/td><td>Ann\u00e9es de naissance<\/td><\/tr><tr><td>Mini-poussins<\/td><td>6 \u2013 7 ans<\/td><td>2019 \u2013 2020<\/td><\/tr><tr><td>Poussins<\/td><td>8 \u2013 9 ans<\/td><td>2017 \u2013 2018<\/td><\/tr><tr><td>Pupilles<\/td><td>10 -11 ans<\/td><td>2015 \u2013 2016<\/td><\/tr><tr><td>Benjamins<\/td><td>12 -13 ans<\/td><td>2013 \u2013 2014<\/td><\/tr><tr><td>Minimes<\/td><td>14 \u2013 15 ans<\/td><td>2011 \u2013 2012<\/td><\/tr><tr><td>Cadets<\/td><td>16 \u2013 17 ans<\/td><td>2009 \u2013 2010<\/td><\/tr><tr><td>Juniors<\/td><td>18 \u2013 19 ans<\/td><td>2007 \u2013 2008<\/td><\/tr><tr><td>Senior 1<\/td><td>20 \u2013 24 ans<\/td><td>2002 \u2013 2006<\/td><\/tr><tr><td>Senior 2<\/td><td>25 \u2013 29 ans<\/td><td>1997 \u2013 2001<\/td><\/tr><tr><td>Senior 3<\/td><td>30 \u2013 34 ans<\/td><td>1992\u2013 1996<\/td><\/tr><tr><td>Senior 4<\/td><td>35 \u2013 39 ans<\/td><td>1987 \u2013 1991<\/td><\/tr><tr><td>V\u00e9t\u00e9ran 1<\/td><td>40 \u2013 44 ans<\/td><td>1982 \u2013 1986<\/td><\/tr><tr><td>V\u00e9t\u00e9ran 2<\/td><td>45 \u2013 49 ans<\/td><td>1977 \u2013 1981<\/td><\/tr><tr><td>V\u00e9t\u00e9ran 3<\/td><td>50 \u2013 54 ans<\/td><td>1972 \u2013 1976<\/td><\/tr><tr><td>V\u00e9t\u00e9ran 4<\/td><td>55 \u2013 59 ans<\/td><td>1967 \u2013 1971<\/td><\/tr><tr><td>V\u00e9t\u00e9ran 5<\/td><td>60 \u2013 64 ans<\/td><td>1962 \u2013 1966<\/td><\/tr><tr><td>V\u00e9t\u00e9ran 6<\/td><td>65 \u2013 69 ans<\/td><td>1957 \u2013 1961<\/td><\/tr><tr><td><\/td><td><\/td><td><\/td><\/tr><tr><td><\/td><td><\/td><td><\/td><\/tr><tr><td><\/td><td><\/td><td><\/td><\/tr><tr><td><\/td><td><\/td><td><\/td><\/tr><tr><td><\/td><td><\/td><td><\/td><\/tr><tr><td><\/td><td><\/td><td><\/td><\/tr><\/tbody><\/table><\/figure>\n\n\n\n<p><\/p>\n\n\n\n<h3>\u00ab&nbsp;Licence Loisir&nbsp;\u00bb<\/h3>\n\n\n\n<p>C\u2019est une licence qui permet d\u2019\u00eatre assur\u00e9 pendant les entra\u00eenements club. Et si le certificat m\u00e9dical qui sert \u00e0 son obtention mentionne tout de m\u00eame : \u00ab&nbsp;ne pr\u00e9sente pas ce jour de contre indication apparente \u00e0 la pratique en comp\u00e9tition du triathlon&nbsp;\u00bb, alors la licence accueil, pourra tout de m\u00eame servir de certificat m\u00e9dical, en cas de participation \u00e0 une \u00e9preuve, de tri, de CAP, de v\u00e9lo !<br>N\u00e9anmoins, dans le cas d\u2019un triathlon, il faudra s\u2019acquitter des droits d\u2019un&nbsp;<em>Pass Comp\u00e9tition<\/em>&nbsp;\u00e0 la journ\u00e9e<\/p>\n\n\n\n<h3><strong>Arbitrage<\/strong><\/h3>\n\n\n\n<p>L\u2019arbitrage vous tente, mais vous avez des questions avant de vous d\u00e9cider?<br>N\u2019h\u00e9sitez pas \u00e0 discuter avec B\u00e9atrice, l\u2019arbitre du club.<br>Concr\u00e8tement, vous suivrez 1 journ\u00e9e de formation th\u00e9orique, et vous ferez 3 \u00e0 4 arbitrages dans l\u2019ann\u00e9e (vous donnez vos souhaits d\u2019arbitrage en d\u00e9but de saison).<br>Activit\u00e9 r\u00e9mun\u00e9r\u00e9e, frais de d\u00e9placement rembours\u00e9s.<\/p>\n","protected":false},"excerpt":{"rendered":"<p>COTISATIONS JEUNES (de 6ans \u00e0 juniors) : 172\u20ac ADULTES LOISIRS: 172\u20ac ADULTES COMPETITIONS : 245\u20ac Lors de votre demande , vous devrez choisir une formule pour votre assurance. Le montant des licences indiqu\u00e9s ci dessus comprend la formule 1. Si vous choisissez une autre formule, merci de\u00a0verser le compl\u00e9ment :\u00a0Formule 2 : + 0.65\u20ac\u00a0 \u00a0 [&hellip;]<\/p>\n","protected":false},"author":1,"featured_media":0,"parent":25,"menu_order":0,"comment_status":"closed","ping_status":"closed","template":"","meta":[],"_links":{"self":[{"href":"https:\/\/ecactriathlon.fr\/index.php\/wp-json\/wp\/v2\/pages\/409"}],"collection":[{"href":"https:\/\/ecactriathlon.fr\/index.php\/wp-json\/wp\/v2\/pages"}],"about":[{"href":"https:\/\/ecactriathlon.fr\/index.php\/wp-json\/wp\/v2\/types\/page"}],"author":[{"embeddable":true,"href":"https:\/\/ecactriathlon.fr\/index.php\/wp-json\/wp\/v2\/users\/1"}],"replies":[{"embeddable":true,"href":"https:\/\/ecactriathlon.fr\/index.php\/wp-json\/wp\/v2\/comments?post=409"}],"version-history":[{"count":25,"href":"https:\/\/ecactriathlon.fr\/index.php\/wp-json\/wp\/v2\/pages\/409\/revisions"}],"predecessor-version":[{"id":1347,"href":"https:\/\/ecactriathlon.fr\/index.php\/wp-json\/wp\/v2\/pages\/409\/revisions\/1347"}],"up":[{"embeddable":true,"href":"https:\/\/ecactriathlon.fr\/index.php\/wp-json\/wp\/v2\/pages\/25"}],"wp:attachment":[{"href":"https:\/\/ecactriathlon.fr\/index.php\/wp-json\/wp\/v2\/media?parent=409"}],"curies":[{"name":"wp","href":"https:\/\/api.w.org\/{rel}","templated":true}]}}