{"id":408,"date":"2019-11-02T19:21:17","date_gmt":"2019-11-02T18:21:17","guid":{"rendered":"http:\/\/ecactriathlon.fr\/?page_id=408"},"modified":"2025-11-06T18:58:39","modified_gmt":"2025-11-06T17:58:39","slug":"actus","status":"publish","type":"page","link":"https:\/\/ecactriathlon.fr\/index.php\/la-vie-du-club\/actus\/","title":{"rendered":"Actualit\u00e9s"},"content":{"rendered":"\n<p>C&rsquo;est le moment de renouveler votre licence, rendez vous sur votre Espace Tri 2.0 : <a href=\"https:\/\/espacetri.fftri.com\/\">https:\/\/espacetri.fftri.com\/<\/a><\/p>\n\n\n\n<p>Il n&rsquo;est pas trop tard pour nous rejoindre, vous trouverez tous les cr\u00e9neaux d&rsquo;entra\u00eenement propos\u00e9s par l&rsquo;ECAC triathlon-duathlon, et les modalit\u00e9s pour se licencier dans la rubrique Vie du club. <\/p>\n\n\n\n<p><\/p>\n\n\n\n<h2>Le calendrier du club :<\/h2>\n\n\n\n<p><a href=\"https:\/\/calendar.google.com\/calendar\/embed?src=ecactriathlon%40gmail.com&amp;ctz=UTC\">https:\/\/calendar.google.com\/calendar\/embed?src=ecactriathlon%40gmail.com&amp;ctz=UTC<\/a><\/p>\n","protected":false},"excerpt":{"rendered":"<p>C&rsquo;est le moment de renouveler votre licence, rendez vous sur votre Espace Tri 2.0 : https:\/\/espacetri.fftri.com\/ Il n&rsquo;est pas trop tard pour nous rejoindre, vous trouverez tous les cr\u00e9neaux d&rsquo;entra\u00eenement propos\u00e9s par l&rsquo;ECAC triathlon-duathlon, et les modalit\u00e9s pour se licencier dans la rubrique Vie du club. Le calendrier du club : https:\/\/calendar.google.com\/calendar\/embed?src=ecactriathlon%40gmail.com&amp;ctz=UTC<\/p>\n","protected":false},"author":1,"featured_media":0,"parent":25,"menu_order":0,"comment_status":"closed","ping_status":"closed","template":"","meta":[],"_links":{"self":[{"href":"https:\/\/ecactriathlon.fr\/index.php\/wp-json\/wp\/v2\/pages\/408"}],"collection":[{"href":"https:\/\/ecactriathlon.fr\/index.php\/wp-json\/wp\/v2\/pages"}],"about":[{"href":"https:\/\/ecactriathlon.fr\/index.php\/wp-json\/wp\/v2\/types\/page"}],"author":[{"embeddable":true,"href":"https:\/\/ecactriathlon.fr\/index.php\/wp-json\/wp\/v2\/users\/1"}],"replies":[{"embeddable":true,"href":"https:\/\/ecactriathlon.fr\/index.php\/wp-json\/wp\/v2\/comments?post=408"}],"version-history":[{"count":8,"href":"https:\/\/ecactriathlon.fr\/index.php\/wp-json\/wp\/v2\/pages\/408\/revisions"}],"predecessor-version":[{"id":1371,"href":"https:\/\/ecactriathlon.fr\/index.php\/wp-json\/wp\/v2\/pages\/408\/revisions\/1371"}],"up":[{"embeddable":true,"href":"https:\/\/ecactriathlon.fr\/index.php\/wp-json\/wp\/v2\/pages\/25"}],"wp:attachment":[{"href":"https:\/\/ecactriathlon.fr\/index.php\/wp-json\/wp\/v2\/media?parent=408"}],"curies":[{"name":"wp","href":"https:\/\/api.w.org\/{rel}","templated":true}]}}