{"id":389,"date":"2019-11-02T19:10:13","date_gmt":"2019-11-02T18:10:13","guid":{"rendered":"http:\/\/ecactriathlon.fr\/?page_id=389"},"modified":"2025-11-06T19:01:03","modified_gmt":"2025-11-06T18:01:03","slug":"duathlon","status":"publish","type":"page","link":"https:\/\/ecactriathlon.fr\/index.php\/duathlon-de-chaumont\/duathlon\/","title":{"rendered":"Duathlon de Chaumont 2025"},"content":{"rendered":"\n<h2>27 avril 2025 &#8211; Lyc\u00e9e Agricole Edgar Pisani, rue du Lyc\u00e9e 52000 Chamarandes-Choignes<\/h2>\n\n\n\n<hr class=\"wp-block-separator\"\/>\n\n\n\n<div class=\"wp-block-buttons\">\n<div class=\"wp-block-button has-custom-width wp-block-button__width-100 has-custom-font-size is-style-outline\" style=\"font-size:30px\"><a class=\"wp-block-button__link has-black-color has-text-color has-background\" href=\"https:\/\/docs.google.com\/presentation\/d\/e\/2PACX-1vTCGfzZi_AKYorlEERR1onRXDZJFNVxkFZezswtePP8Qt8lPYZMwLykxjfaHvWQk4rng_gtZFS9jHNl\/pub?start=false&amp;loop=false&amp;delayms=3000\" style=\"border-radius:20px;background:linear-gradient(135deg,rgb(250,235,0) 2%,rgb(255,105,0) 100%)\" target=\"_blank\" rel=\"noreferrer noopener\"><strong>PROGRAMME \/ PARCOURS \/ EXPOS\u00c9 DE COURSE<\/strong><\/a><\/div>\n<\/div>\n\n\n\n<hr class=\"wp-block-separator\"\/>\n\n\n\n<h2><strong>PROGRAMME<\/strong><\/h2>\n\n\n\n<figure class=\"wp-block-image size-large\"><img loading=\"lazy\" width=\"1024\" height=\"436\" src=\"https:\/\/ecactriathlon.fr\/wp-content\/uploads\/2025\/03\/Capture-decran-2025-03-20-222511-1024x436.png\" alt=\"\" class=\"wp-image-1100\" srcset=\"https:\/\/ecactriathlon.fr\/wp-content\/uploads\/2025\/03\/Capture-decran-2025-03-20-222511-1024x436.png 1024w, https:\/\/ecactriathlon.fr\/wp-content\/uploads\/2025\/03\/Capture-decran-2025-03-20-222511-300x128.png 300w, https:\/\/ecactriathlon.fr\/wp-content\/uploads\/2025\/03\/Capture-decran-2025-03-20-222511-768x327.png 768w, https:\/\/ecactriathlon.fr\/wp-content\/uploads\/2025\/03\/Capture-decran-2025-03-20-222511.png 1192w\" sizes=\"(max-width: 1024px) 100vw, 1024px\" \/><\/figure>\n\n\n\n<p class=\"has-white-background-color has-background\"><span class=\"has-inline-color has-vivid-red-color\">Retrait des dossards<\/span> : samedi de 16h \u00e0 19h et dimanche \u00e0 partir de 7h30 (jusqu&rsquo;\u00e0 1h avant l&rsquo;heure de d\u00e9part)<\/p>\n\n\n\n<hr class=\"wp-block-separator has-text-color has-background has-black-background-color has-black-color\"\/>\n","protected":false},"excerpt":{"rendered":"<p>27 avril 2025 &#8211; Lyc\u00e9e Agricole Edgar Pisani, rue du Lyc\u00e9e 52000 Chamarandes-Choignes PROGRAMME Retrait des dossards : samedi de 16h \u00e0 19h et dimanche \u00e0 partir de 7h30 (jusqu&rsquo;\u00e0 1h avant l&rsquo;heure de d\u00e9part)<\/p>\n","protected":false},"author":1,"featured_media":0,"parent":26,"menu_order":0,"comment_status":"closed","ping_status":"closed","template":"","meta":[],"_links":{"self":[{"href":"https:\/\/ecactriathlon.fr\/index.php\/wp-json\/wp\/v2\/pages\/389"}],"collection":[{"href":"https:\/\/ecactriathlon.fr\/index.php\/wp-json\/wp\/v2\/pages"}],"about":[{"href":"https:\/\/ecactriathlon.fr\/index.php\/wp-json\/wp\/v2\/types\/page"}],"author":[{"embeddable":true,"href":"https:\/\/ecactriathlon.fr\/index.php\/wp-json\/wp\/v2\/users\/1"}],"replies":[{"embeddable":true,"href":"https:\/\/ecactriathlon.fr\/index.php\/wp-json\/wp\/v2\/comments?post=389"}],"version-history":[{"count":64,"href":"https:\/\/ecactriathlon.fr\/index.php\/wp-json\/wp\/v2\/pages\/389\/revisions"}],"predecessor-version":[{"id":1373,"href":"https:\/\/ecactriathlon.fr\/index.php\/wp-json\/wp\/v2\/pages\/389\/revisions\/1373"}],"up":[{"embeddable":true,"href":"https:\/\/ecactriathlon.fr\/index.php\/wp-json\/wp\/v2\/pages\/26"}],"wp:attachment":[{"href":"https:\/\/ecactriathlon.fr\/index.php\/wp-json\/wp\/v2\/media?parent=389"}],"curies":[{"name":"wp","href":"https:\/\/api.w.org\/{rel}","templated":true}]}}