{"id":27,"date":"2019-09-19T16:16:25","date_gmt":"2019-09-19T14:16:25","guid":{"rendered":"http:\/\/ecactriathlon.fr\/?page_id=27"},"modified":"2025-10-27T15:18:25","modified_gmt":"2025-10-27T14:18:25","slug":"bike-and-run","status":"publish","type":"page","link":"https:\/\/ecactriathlon.fr\/index.php\/bike-and-run\/","title":{"rendered":"Bike and Run : dim. 19 Octobre 2025"},"content":{"rendered":"\n<h2 class=\"has-text-align-center\"><em><span class=\"has-inline-color has-vivid-green-cyan-color\">Merci \u00e0 tous les athl\u00e8tes pour leur participation, et aux b\u00e9n\u00e9voles pour leur aide pr\u00e9cieuse !<\/span><\/em><\/h2>\n\n\n\n<p class=\"has-text-align-center\" style=\"font-size:30px\">Lyc\u00e9e Agricole Edgard Pisani \u00e0 CHOIGNES<\/p>\n\n\n\n<hr class=\"wp-block-separator\"\/>\n\n\n\n<div class=\"wp-block-media-text alignwide is-stacked-on-mobile\"><figure class=\"wp-block-media-text__media\"><a href=\"https:\/\/docs.google.com\/document\/d\/1MOKwkkU2kmbTEwzfFdKC1UXxjGGdIL2n\/edit?usp=sharing&amp;ouid=106829208566840825985&amp;rtpof=true&amp;sd=true\" target=\"_blank\" rel=\"noopener\"><img loading=\"lazy\" width=\"724\" height=\"1024\" src=\"http:\/\/ecactriathlon.fr\/wp-content\/uploads\/2025\/10\/Your-paragraph-text-724x1024.png\" alt=\"\" class=\"wp-image-1319 size-full\" srcset=\"https:\/\/ecactriathlon.fr\/wp-content\/uploads\/2025\/10\/Your-paragraph-text-724x1024.png 724w, https:\/\/ecactriathlon.fr\/wp-content\/uploads\/2025\/10\/Your-paragraph-text-212x300.png 212w, https:\/\/ecactriathlon.fr\/wp-content\/uploads\/2025\/10\/Your-paragraph-text-768x1086.png 768w, https:\/\/ecactriathlon.fr\/wp-content\/uploads\/2025\/10\/Your-paragraph-text-1086x1536.png 1086w, https:\/\/ecactriathlon.fr\/wp-content\/uploads\/2025\/10\/Your-paragraph-text-1448x2048.png 1448w, https:\/\/ecactriathlon.fr\/wp-content\/uploads\/2025\/10\/Your-paragraph-text.png 1587w\" sizes=\"(max-width: 724px) 100vw, 724px\" \/><\/a><\/figure><div class=\"wp-block-media-text__content\">\n<h3>\ud83c\udfc3\u200d\u2640\ufe0f\ud83d\udeb4\u200d\u2642\ufe0f <strong>Bike &amp; Run de Chaumont \u2013 Une tradition qui lance la saison !<\/strong><\/h3>\n\n\n\n<p>Le <strong>19 octobre 2025<\/strong>, le <strong>Haut\u2019Marn Triathlon<\/strong> vous donne rendez-vous pour son incontournable <strong>Bike &amp; Run<\/strong>, un \u00e9v\u00e9nement d\u00e9sormais devenu une v\u00e9ritable tradition locale ! \ud83d\udca5<br>Dans une ambiance conviviale et dynamique, venez partager une <strong>journ\u00e9e de sport, de bonne humeur et de d\u00e9passement de soi<\/strong>. Au programme : <strong>quatre \u00e9preuves<\/strong> adapt\u00e9es \u00e0 tous les \u00e2ges et \u00e0 tous les niveaux \u2014 des <strong>courses enfants d\u00e8s 6 ans<\/strong>, une <strong>\u00e9preuve XS<\/strong> id\u00e9ale pour d\u00e9couvrir la discipline, et une <strong>\u00e9preuve S<\/strong> pour les duos les plus aguerris en qu\u00eate de performance. \ud83d\udcaa<br>Que vous veniez pour la comp\u00e9tition, le plaisir ou simplement pour encourager les participants, cette journ\u00e9e promet <strong>adr\u00e9naline, rires et esprit d\u2019\u00e9quipe<\/strong>.<br>\ud83d\udcc5 <strong>Rendez-vous le 19 octobre 2025 \u00e0 Chaumont<\/strong> pour <strong>le premier \u00e9v\u00e9nement de la saison 2025-2026<\/strong> ! \u2728<\/p>\n<\/div><\/div>\n\n\n\n<hr class=\"wp-block-separator\"\/>\n\n\n\n<hr class=\"wp-block-separator\"\/>\n\n\n\n<p><em><strong>Retrouvez-nous sur facebook <\/strong><\/em><a href=\"https:\/\/www.facebook.com\/EcacChaumontTriathlonDuathlon\">https:\/\/www.facebook.com\/EcacChaumontTriathlonDuathlo<\/a><\/p>\n","protected":false},"excerpt":{"rendered":"<p>Merci \u00e0 tous les athl\u00e8tes pour leur participation, et aux b\u00e9n\u00e9voles pour leur aide pr\u00e9cieuse ! Lyc\u00e9e Agricole Edgard Pisani \u00e0 CHOIGNES \ud83c\udfc3\u200d\u2640\ufe0f\ud83d\udeb4\u200d\u2642\ufe0f Bike &amp; Run de Chaumont \u2013 Une tradition qui lance la saison ! Le 19 octobre 2025, le Haut\u2019Marn Triathlon vous donne rendez-vous pour son incontournable Bike &amp; Run, un \u00e9v\u00e9nement d\u00e9sormais [&hellip;]<\/p>\n","protected":false},"author":1,"featured_media":0,"parent":0,"menu_order":0,"comment_status":"closed","ping_status":"closed","template":"","meta":[],"_links":{"self":[{"href":"https:\/\/ecactriathlon.fr\/index.php\/wp-json\/wp\/v2\/pages\/27"}],"collection":[{"href":"https:\/\/ecactriathlon.fr\/index.php\/wp-json\/wp\/v2\/pages"}],"about":[{"href":"https:\/\/ecactriathlon.fr\/index.php\/wp-json\/wp\/v2\/types\/page"}],"author":[{"embeddable":true,"href":"https:\/\/ecactriathlon.fr\/index.php\/wp-json\/wp\/v2\/users\/1"}],"replies":[{"embeddable":true,"href":"https:\/\/ecactriathlon.fr\/index.php\/wp-json\/wp\/v2\/comments?post=27"}],"version-history":[{"count":41,"href":"https:\/\/ecactriathlon.fr\/index.php\/wp-json\/wp\/v2\/pages\/27\/revisions"}],"predecessor-version":[{"id":1336,"href":"https:\/\/ecactriathlon.fr\/index.php\/wp-json\/wp\/v2\/pages\/27\/revisions\/1336"}],"wp:attachment":[{"href":"https:\/\/ecactriathlon.fr\/index.php\/wp-json\/wp\/v2\/media?parent=27"}],"curies":[{"name":"wp","href":"https:\/\/api.w.org\/{rel}","templated":true}]}}