{"id":1353,"date":"2025-11-06T18:41:59","date_gmt":"2025-11-06T17:41:59","guid":{"rendered":"https:\/\/ecactriathlon.fr\/?page_id=1353"},"modified":"2025-12-09T16:03:18","modified_gmt":"2025-12-09T15:03:18","slug":"trail-de-la-galette-2026","status":"publish","type":"page","link":"https:\/\/ecactriathlon.fr\/index.php\/trail-de-la-galette-2026\/","title":{"rendered":"Trail de la galette 2026"},"content":{"rendered":"\n<hr class=\"wp-block-separator\"\/>\n\n\n\n<div class=\"wp-block-media-text alignwide is-stacked-on-mobile\"><figure class=\"wp-block-media-text__media\"><a href=\"https:\/\/in.sporkrono-inscriptions.fr\/trail-de-la-galette-20261762254861778?currentPage=select-competition\" target=\"_blank\" rel=\"noopener\"><img loading=\"lazy\" width=\"724\" height=\"1024\" src=\"https:\/\/ecactriathlon.fr\/wp-content\/uploads\/2025\/11\/Jeunes-10-13-ans-18km-XE-Ados-14-18-ans-41km-5E-Marche-75km-7E-Course-75km-10E-Course-15km-15E-724x1024.png\" alt=\"\" class=\"wp-image-1382 size-full\" srcset=\"https:\/\/ecactriathlon.fr\/wp-content\/uploads\/2025\/11\/Jeunes-10-13-ans-18km-XE-Ados-14-18-ans-41km-5E-Marche-75km-7E-Course-75km-10E-Course-15km-15E-724x1024.png 724w, https:\/\/ecactriathlon.fr\/wp-content\/uploads\/2025\/11\/Jeunes-10-13-ans-18km-XE-Ados-14-18-ans-41km-5E-Marche-75km-7E-Course-75km-10E-Course-15km-15E-212x300.png 212w, https:\/\/ecactriathlon.fr\/wp-content\/uploads\/2025\/11\/Jeunes-10-13-ans-18km-XE-Ados-14-18-ans-41km-5E-Marche-75km-7E-Course-75km-10E-Course-15km-15E-768x1086.png 768w, https:\/\/ecactriathlon.fr\/wp-content\/uploads\/2025\/11\/Jeunes-10-13-ans-18km-XE-Ados-14-18-ans-41km-5E-Marche-75km-7E-Course-75km-10E-Course-15km-15E-1086x1536.png 1086w, https:\/\/ecactriathlon.fr\/wp-content\/uploads\/2025\/11\/Jeunes-10-13-ans-18km-XE-Ados-14-18-ans-41km-5E-Marche-75km-7E-Course-75km-10E-Course-15km-15E-1448x2048.png 1448w\" sizes=\"(max-width: 724px) 100vw, 724px\" \/><\/a><\/figure><div class=\"wp-block-media-text__content\">\n<p>\ud83c\udfc3\u200d\u2642\ufe0f <strong>3e \u00e9dition du Trail de la Galette \u2013 dimanche 11 janvier 2026 !<\/strong> \ud83e\udd67<br>Organis\u00e9 par l\u2019<strong>ECAC Triathlon<\/strong>, ce rendez-vous devenu incontournable revient pour une nouvelle \u00e9dition riche en convivialit\u00e9 et en bonne humeur !<br>Au d\u00e9part du <strong>gymnase de la Rochotte \u00e0 Chaumont<\/strong>, venez d\u00e9couvrir des parcours vari\u00e9s entre chemins, for\u00eats et panoramas superbes, le tout dans une ambiance chaleureuse.<\/p>\n\n\n\n<p>\ud83d\udc49 <strong>Au programme :<\/strong><\/p>\n\n\n\n<ul><li><strong>15 km<\/strong> pour les amateurs de d\u00e9fi<\/li><li><strong>7,5 km<\/strong> en course ou en marche<\/li><li><strong>4,2 km<\/strong> pour les ados<\/li><li><strong>1,5 km<\/strong> pour les enfants<\/li><\/ul>\n\n\n\n<p>Et bien s\u00fbr, fid\u00e8le \u00e0 la tradition\u2026 <strong>une part de galette et une boisson offertes \u00e0 tous les participants !<\/strong> \ud83c\udf89<br>Une matin\u00e9e sportive, festive et accessible \u00e0 tous, du coureur aguerri au marcheur du dimanche.<\/p>\n\n\n\n<p>\ud83d\udcc5 <strong>Rendez-vous le 11 janvier 2026<\/strong> \u2013 lancez votre ann\u00e9e du bon pied !<br>Inscriptions en ligne sur <strong>Chronopro<\/strong> ou sur place le jour J (avec majoration).<\/p>\n<\/div><\/div>\n\n\n\n<hr class=\"wp-block-separator\"\/>\n\n\n\n<div class=\"wp-block-buttons\">\n<div class=\"wp-block-button has-custom-width wp-block-button__width-100 has-custom-font-size is-style-outline\" style=\"font-size:35px\"><a class=\"wp-block-button__link has-luminous-vivid-amber-to-luminous-vivid-orange-gradient-background has-background\" href=\"https:\/\/in.sporkrono-inscriptions.fr\/trail-de-la-galette-20261762254861778?currentPage=select-competition\" target=\"_blank\" rel=\"noreferrer noopener\"><strong>INSCRIPTIONS<\/strong><\/a><\/div>\n\n\n\n<div class=\"wp-block-button has-custom-width wp-block-button__width-100 has-custom-font-size is-style-outline\" style=\"font-size:30px\"><a class=\"wp-block-button__link has-luminous-vivid-amber-to-luminous-vivid-orange-gradient-background has-background\" href=\"https:\/\/docs.google.com\/document\/d\/1-2_6Y473BRU3FRk3y_39LAiTP2o4LRCoQmu8t0zKW88\/edit?usp=sharing\" target=\"_blank\" rel=\"noreferrer noopener\"><strong>REGLEMENT DE COURSE<\/strong><\/a><\/div>\n<\/div>\n\n\n\n<hr class=\"wp-block-separator\"\/>\n\n\n\n<div class=\"wp-block-buttons\">\n<div class=\"wp-block-button has-custom-width wp-block-button__width-25 has-custom-font-size is-style-outline\" style=\"font-size:22px\"><a class=\"wp-block-button__link has-pale-ocean-gradient-background has-background\" href=\"https:\/\/connect.garmin.com\/modern\/course\/414496411\" target=\"_blank\" rel=\"noreferrer noopener\"><strong>Parcours Poussins-Benjamins<\/strong><\/a><\/div>\n\n\n\n<div class=\"wp-block-button has-custom-width wp-block-button__width-25 has-custom-font-size is-style-outline\" style=\"font-size:22px\"><a class=\"wp-block-button__link has-pale-ocean-gradient-background has-background\" href=\"https:\/\/connect.garmin.com\/modern\/course\/414497553\" target=\"_blank\" rel=\"noreferrer noopener\"><strong>Parcours Minimes-Cadets<\/strong><\/a><\/div>\n\n\n\n<div class=\"wp-block-button has-custom-width wp-block-button__width-50 has-custom-font-size is-style-outline\" style=\"font-size:23px\"><a class=\"wp-block-button__link has-pale-ocean-gradient-background has-background\" href=\"https:\/\/connect.garmin.com\/modern\/course\/413286562\" target=\"_blank\" rel=\"noreferrer noopener\"><strong>Parcours de la petite et grande galette (7.5km et 15km<\/strong>)<\/a><\/div>\n<\/div>\n","protected":false},"excerpt":{"rendered":"<p>\ud83c\udfc3\u200d\u2642\ufe0f 3e \u00e9dition du Trail de la Galette \u2013 dimanche 11 janvier 2026 ! \ud83e\udd67Organis\u00e9 par l\u2019ECAC Triathlon, ce rendez-vous devenu incontournable revient pour une nouvelle \u00e9dition riche en convivialit\u00e9 et en bonne humeur !Au d\u00e9part du gymnase de la Rochotte \u00e0 Chaumont, venez d\u00e9couvrir des parcours vari\u00e9s entre chemins, for\u00eats et panoramas superbes, le [&hellip;]<\/p>\n","protected":false},"author":1,"featured_media":0,"parent":0,"menu_order":0,"comment_status":"closed","ping_status":"closed","template":"","meta":[],"_links":{"self":[{"href":"https:\/\/ecactriathlon.fr\/index.php\/wp-json\/wp\/v2\/pages\/1353"}],"collection":[{"href":"https:\/\/ecactriathlon.fr\/index.php\/wp-json\/wp\/v2\/pages"}],"about":[{"href":"https:\/\/ecactriathlon.fr\/index.php\/wp-json\/wp\/v2\/types\/page"}],"author":[{"embeddable":true,"href":"https:\/\/ecactriathlon.fr\/index.php\/wp-json\/wp\/v2\/users\/1"}],"replies":[{"embeddable":true,"href":"https:\/\/ecactriathlon.fr\/index.php\/wp-json\/wp\/v2\/comments?post=1353"}],"version-history":[{"count":10,"href":"https:\/\/ecactriathlon.fr\/index.php\/wp-json\/wp\/v2\/pages\/1353\/revisions"}],"predecessor-version":[{"id":1402,"href":"https:\/\/ecactriathlon.fr\/index.php\/wp-json\/wp\/v2\/pages\/1353\/revisions\/1402"}],"wp:attachment":[{"href":"https:\/\/ecactriathlon.fr\/index.php\/wp-json\/wp\/v2\/media?parent=1353"}],"curies":[{"name":"wp","href":"https:\/\/api.w.org\/{rel}","templated":true}]}}