{"id":1184,"date":"2025-04-25T11:17:11","date_gmt":"2025-04-25T09:17:11","guid":{"rendered":"https:\/\/ecactriathlon.fr\/?page_id=1184"},"modified":"2025-11-06T18:56:34","modified_gmt":"2025-11-06T17:56:34","slug":"photos","status":"publish","type":"page","link":"https:\/\/ecactriathlon.fr\/index.php\/bike-and-run\/photos\/","title":{"rendered":"Photos  B&#038;R"},"content":{"rendered":"\n<hr class=\"wp-block-separator\"\/>\n\n\n\n<p class=\"has-medium-font-size\"><strong>Un grand merci \u00e0 Eliott (instagram : babinski.eliott) notre photographe de l&rsquo;\u00e9v\u00e9nement, pour ses superbes photos \ud83d\udcf7\ud83e\udd29<\/strong><\/p>\n\n\n\n<hr class=\"wp-block-separator\"\/>\n\n\n\n<div class=\"wp-block-buttons\">\n<div class=\"wp-block-button has-custom-width wp-block-button__width-100 has-custom-font-size is-style-outline\" style=\"font-size:30px\"><a class=\"wp-block-button__link has-luminous-vivid-amber-to-luminous-vivid-orange-gradient-background has-background\" href=\"https:\/\/drive.google.com\/drive\/folders\/19c3d1WuGED9Lno-mnSe2gWyX8ZQUODdQ?usp=drive_link\" target=\"_blank\" rel=\"noreferrer noopener\"><strong>Photos de l&rsquo;\u00e9dition 2025<\/strong><\/a><\/div>\n<\/div>\n\n\n\n<p><\/p>\n","protected":false},"excerpt":{"rendered":"<p>Un grand merci \u00e0 Eliott (instagram : babinski.eliott) notre photographe de l&rsquo;\u00e9v\u00e9nement, pour ses superbes photos \ud83d\udcf7\ud83e\udd29<\/p>\n","protected":false},"author":1,"featured_media":0,"parent":27,"menu_order":0,"comment_status":"closed","ping_status":"closed","template":"","meta":[],"_links":{"self":[{"href":"https:\/\/ecactriathlon.fr\/index.php\/wp-json\/wp\/v2\/pages\/1184"}],"collection":[{"href":"https:\/\/ecactriathlon.fr\/index.php\/wp-json\/wp\/v2\/pages"}],"about":[{"href":"https:\/\/ecactriathlon.fr\/index.php\/wp-json\/wp\/v2\/types\/page"}],"author":[{"embeddable":true,"href":"https:\/\/ecactriathlon.fr\/index.php\/wp-json\/wp\/v2\/users\/1"}],"replies":[{"embeddable":true,"href":"https:\/\/ecactriathlon.fr\/index.php\/wp-json\/wp\/v2\/comments?post=1184"}],"version-history":[{"count":9,"href":"https:\/\/ecactriathlon.fr\/index.php\/wp-json\/wp\/v2\/pages\/1184\/revisions"}],"predecessor-version":[{"id":1370,"href":"https:\/\/ecactriathlon.fr\/index.php\/wp-json\/wp\/v2\/pages\/1184\/revisions\/1370"}],"up":[{"embeddable":true,"href":"https:\/\/ecactriathlon.fr\/index.php\/wp-json\/wp\/v2\/pages\/27"}],"wp:attachment":[{"href":"https:\/\/ecactriathlon.fr\/index.php\/wp-json\/wp\/v2\/media?parent=1184"}],"curies":[{"name":"wp","href":"https:\/\/api.w.org\/{rel}","templated":true}]}}